{"id":195,"date":"2021-04-27T01:02:28","date_gmt":"2021-04-27T01:02:28","guid":{"rendered":"http:\/\/192.53.162.120\/?page_id=195"},"modified":"2024-04-10T15:52:32","modified_gmt":"2024-04-10T15:52:32","slug":"balon-gastrico","status":"publish","type":"page","link":"https:\/\/drwilliamplua.com\/?page_id=195","title":{"rendered":"BALON GASTRICO"},"content":{"rendered":"\t\t<div data-elementor-type=\"wp-page\" data-elementor-id=\"195\" class=\"elementor elementor-195\">\n\t\t\t\t\t\t<section class=\"elementor-section elementor-top-section elementor-element elementor-element-8203558 elementor-section-boxed elementor-section-height-default elementor-section-height-default\" data-id=\"8203558\" data-element_type=\"section\">\n\t\t\t\t\t\t<div class=\"elementor-container elementor-column-gap-default\">\n\t\t\t\t\t<div class=\"elementor-column elementor-col-100 elementor-top-column elementor-element elementor-element-44160e6\" data-id=\"44160e6\" data-element_type=\"column\">\n\t\t\t<div class=\"elementor-widget-wrap elementor-element-populated\">\n\t\t\t\t\t\t<div class=\"elementor-element elementor-element-ee629e8 elementor-widget elementor-widget-spacer\" data-id=\"ee629e8\" data-element_type=\"widget\" data-widget_type=\"spacer.default\">\n\t\t\t\t<div class=\"elementor-widget-container\">\n\t\t\t\t\t<div class=\"elementor-spacer\">\n\t\t\t<div class=\"elementor-spacer-inner\"><\/div>\n\t\t<\/div>\n\t\t\t\t<\/div>\n\t\t\t\t<\/div>\n\t\t\t\t\t<\/div>\n\t\t<\/div>\n\t\t\t\t\t<\/div>\n\t\t<\/section>\n\t\t\t\t<section class=\"elementor-section elementor-top-section elementor-element elementor-element-7116f9a elementor-section-boxed elementor-section-height-default elementor-section-height-default\" data-id=\"7116f9a\" data-element_type=\"section\" data-settings=\"{&quot;background_background&quot;:&quot;classic&quot;}\">\n\t\t\t\t\t\t<div class=\"elementor-container elementor-column-gap-default\">\n\t\t\t\t\t<div class=\"elementor-column elementor-col-100 elementor-top-column elementor-element elementor-element-ab38e4c\" data-id=\"ab38e4c\" data-element_type=\"column\">\n\t\t\t<div class=\"elementor-widget-wrap elementor-element-populated\">\n\t\t\t\t\t\t<div class=\"elementor-element elementor-element-e439f6f elementor-widget elementor-widget-heading\" data-id=\"e439f6f\" data-element_type=\"widget\" data-widget_type=\"heading.default\">\n\t\t\t\t<div class=\"elementor-widget-container\">\n\t\t\t<h2 class=\"elementor-heading-title elementor-size-xl\">BALON GASTRICO\u200b<\/h2>\t\t<\/div>\n\t\t\t\t<\/div>\n\t\t\t\t\t<\/div>\n\t\t<\/div>\n\t\t\t\t\t<\/div>\n\t\t<\/section>\n\t\t\t\t<section class=\"elementor-section elementor-top-section elementor-element elementor-element-c1904ed elementor-section-boxed elementor-section-height-default elementor-section-height-default\" data-id=\"c1904ed\" data-element_type=\"section\">\n\t\t\t\t\t\t<div class=\"elementor-container elementor-column-gap-default\">\n\t\t\t\t\t<div class=\"elementor-column elementor-col-100 elementor-top-column elementor-element elementor-element-95017f4\" data-id=\"95017f4\" data-element_type=\"column\">\n\t\t\t<div class=\"elementor-widget-wrap elementor-element-populated\">\n\t\t\t\t\t\t<div class=\"elementor-element elementor-element-f52b774 elementor-hidden-tablet elementor-hidden-mobile elementor-widget elementor-widget-spacer\" data-id=\"f52b774\" data-element_type=\"widget\" data-widget_type=\"spacer.default\">\n\t\t\t\t<div class=\"elementor-widget-container\">\n\t\t\t\t\t<div class=\"elementor-spacer\">\n\t\t\t<div class=\"elementor-spacer-inner\"><\/div>\n\t\t<\/div>\n\t\t\t\t<\/div>\n\t\t\t\t<\/div>\n\t\t\t\t\t<\/div>\n\t\t<\/div>\n\t\t\t\t\t<\/div>\n\t\t<\/section>\n\t\t\t\t<section class=\"elementor-section elementor-top-section elementor-element elementor-element-ec4e759 elementor-section-boxed elementor-section-height-default elementor-section-height-default\" data-id=\"ec4e759\" data-element_type=\"section\">\n\t\t\t\t\t\t<div class=\"elementor-container elementor-column-gap-default\">\n\t\t\t\t\t<div class=\"elementor-column elementor-col-50 elementor-top-column elementor-element elementor-element-8841678\" data-id=\"8841678\" data-element_type=\"column\">\n\t\t\t<div class=\"elementor-widget-wrap elementor-element-populated\">\n\t\t\t\t\t\t<div class=\"elementor-element elementor-element-cbfec22 elementor-widget__width-initial elementor-widget elementor-widget-text-editor\" data-id=\"cbfec22\" data-element_type=\"widget\" data-widget_type=\"text-editor.default\">\n\t\t\t\t<div class=\"elementor-widget-container\">\n\t\t\t\t\t\t\t<p>El bal\u00f3n g\u00e1strico, tambi\u00e9n denominado como <i>bal\u00f3n intrag\u00e1strico<\/i>, es una esfera de silicona flexible y blanda, que se introduce en el est\u00f3mago del paciente, mediante una endoscopia, con el fin de conseguir la reducci\u00f3n de peso en personas con obesidad m\u00f3rbida. Su introducci\u00f3n es un procedimiento de cirug\u00eda bari\u00e1trica de tipo restrictivo, pues su enfoque principal es el de generar una sensaci\u00f3n de plenitud o de saciedad precoz para que la persona reduzca el consumo de alimentos, lo cual facilita el proceso de adelgazar.<\/p>\t\t\t\t\t\t<\/div>\n\t\t\t\t<\/div>\n\t\t\t\t\t<\/div>\n\t\t<\/div>\n\t\t\t\t<div class=\"elementor-column elementor-col-50 elementor-top-column elementor-element elementor-element-7102dac\" data-id=\"7102dac\" data-element_type=\"column\">\n\t\t\t<div class=\"elementor-widget-wrap elementor-element-populated\">\n\t\t\t\t\t\t<div class=\"elementor-element elementor-element-84a30b0 elementor-widget elementor-widget-image\" data-id=\"84a30b0\" data-element_type=\"widget\" data-widget_type=\"image.default\">\n\t\t\t\t<div class=\"elementor-widget-container\">\n\t\t\t\t\t\t\t\t\t\t\t\t\t<img fetchpriority=\"high\" decoding=\"async\" width=\"762\" height=\"762\" src=\"https:\/\/drwilliamplua.com\/wp-content\/uploads\/2024\/04\/PHOTO-2024-04-06-17-15-10-4.jpg\" class=\"attachment-large size-large wp-image-1996\" alt=\"\" srcset=\"https:\/\/drwilliamplua.com\/wp-content\/uploads\/2024\/04\/PHOTO-2024-04-06-17-15-10-4.jpg 762w, https:\/\/drwilliamplua.com\/wp-content\/uploads\/2024\/04\/PHOTO-2024-04-06-17-15-10-4-300x300.jpg 300w, https:\/\/drwilliamplua.com\/wp-content\/uploads\/2024\/04\/PHOTO-2024-04-06-17-15-10-4-150x150.jpg 150w\" sizes=\"(max-width: 762px) 100vw, 762px\" \/>\t\t\t\t\t\t\t\t\t\t\t\t\t<\/div>\n\t\t\t\t<\/div>\n\t\t\t\t\t<\/div>\n\t\t<\/div>\n\t\t\t\t\t<\/div>\n\t\t<\/section>\n\t\t\t\t<section class=\"elementor-section elementor-top-section elementor-element elementor-element-6122bb9 elementor-section-boxed elementor-section-height-default elementor-section-height-default\" data-id=\"6122bb9\" data-element_type=\"section\">\n\t\t\t\t\t\t<div class=\"elementor-container elementor-column-gap-default\">\n\t\t\t\t\t<div class=\"elementor-column elementor-col-100 elementor-top-column elementor-element elementor-element-226449e\" data-id=\"226449e\" data-element_type=\"column\">\n\t\t\t<div class=\"elementor-widget-wrap elementor-element-populated\">\n\t\t\t\t\t\t<div class=\"elementor-element elementor-element-020ba1e elementor-widget elementor-widget-spacer\" data-id=\"020ba1e\" data-element_type=\"widget\" data-widget_type=\"spacer.default\">\n\t\t\t\t<div class=\"elementor-widget-container\">\n\t\t\t\t\t<div class=\"elementor-spacer\">\n\t\t\t<div class=\"elementor-spacer-inner\"><\/div>\n\t\t<\/div>\n\t\t\t\t<\/div>\n\t\t\t\t<\/div>\n\t\t\t\t\t<\/div>\n\t\t<\/div>\n\t\t\t\t\t<\/div>\n\t\t<\/section>\n\t\t\t\t<section class=\"elementor-section elementor-top-section elementor-element elementor-element-962c384 elementor-section-boxed elementor-section-height-default elementor-section-height-default\" data-id=\"962c384\" data-element_type=\"section\" data-settings=\"{&quot;background_background&quot;:&quot;classic&quot;}\">\n\t\t\t\t\t\t<div class=\"elementor-container elementor-column-gap-default\">\n\t\t\t\t\t<div class=\"elementor-column elementor-col-100 elementor-top-column elementor-element elementor-element-8892a74\" data-id=\"8892a74\" data-element_type=\"column\">\n\t\t\t<div class=\"elementor-widget-wrap elementor-element-populated\">\n\t\t\t\t\t\t<div class=\"elementor-element elementor-element-0f7ba33 elementor-widget elementor-widget-heading\" data-id=\"0f7ba33\" data-element_type=\"widget\" data-widget_type=\"heading.default\">\n\t\t\t\t<div class=\"elementor-widget-container\">\n\t\t\t<h2 class=\"elementor-heading-title elementor-size-default\"><span class=\"elementor-heading-title elementor-size-default elementor-inline-editing pen\" data-elementor-setting-key=\"title\" data-pen-placeholder=\"Teclea aqu\u00ed...\" style=\"font-size: var(--h2fontsize); outline-color: currentcolor; outline-style: none; color: rgb(255, 255, 255);\">RECOMENDACIONES<\/span><\/h2>\t\t<\/div>\n\t\t\t\t<\/div>\n\t\t\t\t\t<\/div>\n\t\t<\/div>\n\t\t\t\t\t<\/div>\n\t\t<\/section>\n\t\t\t\t<section class=\"elementor-section elementor-top-section elementor-element elementor-element-08fbc3a elementor-section-boxed elementor-section-height-default elementor-section-height-default\" data-id=\"08fbc3a\" data-element_type=\"section\">\n\t\t\t\t\t\t<div class=\"elementor-container elementor-column-gap-default\">\n\t\t\t\t\t<div class=\"elementor-column elementor-col-100 elementor-top-column elementor-element elementor-element-8a0c4fc\" data-id=\"8a0c4fc\" data-element_type=\"column\">\n\t\t\t<div class=\"elementor-widget-wrap elementor-element-populated\">\n\t\t\t\t\t\t<div class=\"elementor-element elementor-element-d8925ed elementor-widget elementor-widget-spacer\" data-id=\"d8925ed\" data-element_type=\"widget\" data-widget_type=\"spacer.default\">\n\t\t\t\t<div class=\"elementor-widget-container\">\n\t\t\t\t\t<div class=\"elementor-spacer\">\n\t\t\t<div class=\"elementor-spacer-inner\"><\/div>\n\t\t<\/div>\n\t\t\t\t<\/div>\n\t\t\t\t<\/div>\n\t\t\t\t\t<\/div>\n\t\t<\/div>\n\t\t\t\t\t<\/div>\n\t\t<\/section>\n\t\t\t\t<section class=\"elementor-section elementor-top-section elementor-element elementor-element-7844571 elementor-section-boxed elementor-section-height-default elementor-section-height-default\" data-id=\"7844571\" data-element_type=\"section\">\n\t\t\t\t\t\t<div class=\"elementor-container elementor-column-gap-default\">\n\t\t\t\t\t<div class=\"elementor-column elementor-col-100 elementor-top-column elementor-element elementor-element-4cfbf7a\" data-id=\"4cfbf7a\" data-element_type=\"column\">\n\t\t\t<div class=\"elementor-widget-wrap elementor-element-populated\">\n\t\t\t\t\t\t<div class=\"elementor-element elementor-element-dc8b9da elementor-widget elementor-widget-text-editor\" data-id=\"dc8b9da\" data-element_type=\"widget\" data-widget_type=\"text-editor.default\">\n\t\t\t\t<div class=\"elementor-widget-container\">\n\t\t\t\t\t\t\t<ul style=\"list-style: var(--liststyle,none); caret-color: #000000; color: #000000;\"><li>Evitar el tabaco. Lo ideal, es dejar de fumar un mes antes de la intervenci\u00f3n para dar tiempo al organismo a recuperarse de los da\u00f1os que provoca el tabaco en todo el cuerpo. Adem\u00e1s, esto es tan importante o a\u00fan m\u00e1s para el periodo postoperatorio.<\/li><li>Seguir la dieta preoperatoria recomendada. Hay que tener en mente, que todos aquellos pacientes con un \u00edndice de masa corporal elevado de forma considerable, deber\u00e1n realizar una dieta preoperatoria. El cirujano bariatra ser\u00e1 el encargado de dar las indicaciones sobre la dieta a realizar.<\/li><li>Estar preparado mentalmente. Es necesario realizar una evaluaci\u00f3n psicol\u00f3gica para tener claro que no hay contradicciones de cara a ser sometido a la cirug\u00eda, y que el paciente est\u00e1 mentalmente preparado para ello. Este debe ser consciente de todas las implicaciones que el procedimiento requiere, as\u00ed como del compromiso por su parte a la hora de seguir todas y cada una de las indicaciones m\u00e9dicas, tanto antes, como durante y despu\u00e9s de la operaci\u00f3n.<\/li><li>Preparaci\u00f3n f\u00edsica. Aunque puede ser complicado para muchos pacientes hacer ejercicio, debido a su situaci\u00f3n de obesidad y limitaciones f\u00edsicas, lo mejor es adecuar al cuerpo a nuevos h\u00e1bitos, y tratar de ejercitarlo todos los d\u00edas al menos 30 minutos de forma moderada.<\/li><\/ul>\t\t\t\t\t\t<\/div>\n\t\t\t\t<\/div>\n\t\t\t\t\t<\/div>\n\t\t<\/div>\n\t\t\t\t\t<\/div>\n\t\t<\/section>\n\t\t\t\t<section class=\"elementor-section elementor-top-section elementor-element elementor-element-6723a06 elementor-section-boxed elementor-section-height-default elementor-section-height-default\" data-id=\"6723a06\" data-element_type=\"section\">\n\t\t\t\t\t\t<div class=\"elementor-container elementor-column-gap-default\">\n\t\t\t\t\t<div class=\"elementor-column elementor-col-100 elementor-top-column elementor-element elementor-element-2609a1c\" data-id=\"2609a1c\" data-element_type=\"column\">\n\t\t\t<div class=\"elementor-widget-wrap elementor-element-populated\">\n\t\t\t\t\t\t<div class=\"elementor-element elementor-element-ac451d3 elementor-widget elementor-widget-spacer\" data-id=\"ac451d3\" data-element_type=\"widget\" data-widget_type=\"spacer.default\">\n\t\t\t\t<div class=\"elementor-widget-container\">\n\t\t\t\t\t<div class=\"elementor-spacer\">\n\t\t\t<div class=\"elementor-spacer-inner\"><\/div>\n\t\t<\/div>\n\t\t\t\t<\/div>\n\t\t\t\t<\/div>\n\t\t\t\t\t<\/div>\n\t\t<\/div>\n\t\t\t\t\t<\/div>\n\t\t<\/section>\n\t\t\t\t<section class=\"elementor-section elementor-top-section elementor-element elementor-element-f1ee0f0 elementor-section-boxed elementor-section-height-default elementor-section-height-default\" data-id=\"f1ee0f0\" data-element_type=\"section\" data-settings=\"{&quot;background_background&quot;:&quot;classic&quot;}\">\n\t\t\t\t\t\t<div class=\"elementor-container elementor-column-gap-default\">\n\t\t\t\t\t<div class=\"elementor-column elementor-col-100 elementor-top-column elementor-element elementor-element-e911b11\" data-id=\"e911b11\" data-element_type=\"column\">\n\t\t\t<div class=\"elementor-widget-wrap elementor-element-populated\">\n\t\t\t\t\t\t<div class=\"elementor-element elementor-element-41f9aea elementor-widget elementor-widget-spacer\" data-id=\"41f9aea\" data-element_type=\"widget\" data-widget_type=\"spacer.default\">\n\t\t\t\t<div class=\"elementor-widget-container\">\n\t\t\t\t\t<div class=\"elementor-spacer\">\n\t\t\t<div class=\"elementor-spacer-inner\"><\/div>\n\t\t<\/div>\n\t\t\t\t<\/div>\n\t\t\t\t<\/div>\n\t\t\t\t<div class=\"elementor-element elementor-element-cd69012 elementor-widget elementor-widget-heading\" data-id=\"cd69012\" data-element_type=\"widget\" data-widget_type=\"heading.default\">\n\t\t\t\t<div class=\"elementor-widget-container\">\n\t\t\t<h2 class=\"elementor-heading-title elementor-size-large\"><span class=\"elementor-heading-title elementor-size-xl elementor-inline-editing pen\" data-elementor-setting-key=\"title\" data-pen-placeholder=\"Teclea aqu\u00ed...\" style=\"font-size: 40px; font-weight: 600; font-family: Roboto, sans-serif; outline-color: currentcolor; outline-style: none;\">Reserva ya tu cita<\/span><\/h2>\t\t<\/div>\n\t\t\t\t<\/div>\n\t\t\t\t<div class=\"elementor-element elementor-element-ee4fbe7 elementor-widget elementor-widget-text-editor\" data-id=\"ee4fbe7\" data-element_type=\"widget\" data-widget_type=\"text-editor.default\">\n\t\t\t\t<div class=\"elementor-widget-container\">\n\t\t\t\t\t\t\t<p>Envianos un mensaje y reserva ya tu cita!<br><\/p>\t\t\t\t\t\t<\/div>\n\t\t\t\t<\/div>\n\t\t\t\t<div class=\"elementor-element elementor-element-d216265 elementor-align-center elementor-widget elementor-widget-button\" data-id=\"d216265\" data-element_type=\"widget\" data-widget_type=\"button.default\">\n\t\t\t\t<div class=\"elementor-widget-container\">\n\t\t\t\t\t<div class=\"elementor-button-wrapper\">\n\t\t\t<a class=\"elementor-button elementor-button-link elementor-size-lg\" href=\"https:\/\/wa.me\/message\/XGNGTC6WPATOE1\" target=\"_blank\">\n\t\t\t\t\t\t<span class=\"elementor-button-content-wrapper\">\n\t\t\t\t\t\t<span class=\"elementor-button-text\">RESERVA YA<\/span>\n\t\t<\/span>\n\t\t\t\t\t<\/a>\n\t\t<\/div>\n\t\t\t\t<\/div>\n\t\t\t\t<\/div>\n\t\t\t\t<div class=\"elementor-element elementor-element-c48f231 elementor-widget elementor-widget-spacer\" data-id=\"c48f231\" data-element_type=\"widget\" data-widget_type=\"spacer.default\">\n\t\t\t\t<div class=\"elementor-widget-container\">\n\t\t\t\t\t<div class=\"elementor-spacer\">\n\t\t\t<div class=\"elementor-spacer-inner\"><\/div>\n\t\t<\/div>\n\t\t\t\t<\/div>\n\t\t\t\t<\/div>\n\t\t\t\t\t<\/div>\n\t\t<\/div>\n\t\t\t\t\t<\/div>\n\t\t<\/section>\n\t\t\t\t<\/div>\n\t\t","protected":false},"excerpt":{"rendered":"<p>BALON GASTRICO\u200b El bal\u00f3n g\u00e1strico, tambi\u00e9n denominado como bal\u00f3n intrag\u00e1strico, es una esfera de silicona flexible y blanda, que se introduce en el est\u00f3mago del paciente, mediante una endoscopia, con el fin de conseguir la reducci\u00f3n de peso en personas con obesidad m\u00f3rbida. Su introducci\u00f3n es un procedimiento de cirug\u00eda bari\u00e1trica de tipo restrictivo, pues&hellip;&nbsp;<a href=\"https:\/\/drwilliamplua.com\/?page_id=195\" class=\"\" rel=\"bookmark\">Leer m\u00e1s &raquo;<span class=\"screen-reader-text\">BALON GASTRICO<\/span><\/a><\/p>\n","protected":false},"author":1,"featured_media":0,"parent":0,"menu_order":0,"comment_status":"closed","ping_status":"closed","template":"page-templates\/template-pagebuilder-full-width.php","meta":{"neve_meta_sidebar":"","neve_meta_container":"","neve_meta_enable_content_width":"","neve_meta_content_width":0,"neve_meta_title_alignment":"","neve_meta_author_avatar":"","neve_post_elements_order":"","neve_meta_disable_header":"","neve_meta_disable_footer":"","neve_meta_disable_title":"","_themeisle_gutenberg_block_has_review":false,"_ti_tpc_template_sync":false,"_ti_tpc_template_id":"","footnotes":""},"class_list":["post-195","page","type-page","status-publish","hentry"],"_links":{"self":[{"href":"https:\/\/drwilliamplua.com\/index.php?rest_route=\/wp\/v2\/pages\/195","targetHints":{"allow":["GET"]}}],"collection":[{"href":"https:\/\/drwilliamplua.com\/index.php?rest_route=\/wp\/v2\/pages"}],"about":[{"href":"https:\/\/drwilliamplua.com\/index.php?rest_route=\/wp\/v2\/types\/page"}],"author":[{"embeddable":true,"href":"https:\/\/drwilliamplua.com\/index.php?rest_route=\/wp\/v2\/users\/1"}],"replies":[{"embeddable":true,"href":"https:\/\/drwilliamplua.com\/index.php?rest_route=%2Fwp%2Fv2%2Fcomments&post=195"}],"version-history":[{"count":73,"href":"https:\/\/drwilliamplua.com\/index.php?rest_route=\/wp\/v2\/pages\/195\/revisions"}],"predecessor-version":[{"id":2015,"href":"https:\/\/drwilliamplua.com\/index.php?rest_route=\/wp\/v2\/pages\/195\/revisions\/2015"}],"wp:attachment":[{"href":"https:\/\/drwilliamplua.com\/index.php?rest_route=%2Fwp%2Fv2%2Fmedia&parent=195"}],"curies":[{"name":"wp","href":"https:\/\/api.w.org\/{rel}","templated":true}]}}